{"id":471,"date":"2022-05-20T06:41:04","date_gmt":"2022-05-20T04:41:04","guid":{"rendered":"https:\/\/stavexnitra.sk\/kontakt\/"},"modified":"2022-06-29T10:09:37","modified_gmt":"2022-06-29T08:09:37","slug":"contact","status":"publish","type":"page","link":"https:\/\/stavexnitra.sk\/en\/contact\/","title":{"rendered":"Contact"},"content":{"rendered":"","protected":false},"excerpt":{"rendered":"","protected":false},"author":1,"featured_media":0,"parent":0,"menu_order":0,"comment_status":"closed","ping_status":"closed","template":"","meta":[],"yoast_head":"<!-- This site is optimized with the Yoast SEO plugin v19.1 - https:\/\/yoast.com\/wordpress\/plugins\/seo\/ -->\n<title>Contact | STAVEX Nitra \u2013 prefabrikovan\u00e9 k\u00fape\u013ene<\/title>\n<meta name=\"description\" content=\"If you have any questions, please contact us. Address: Jakuba Ha\u0161ka 1, 949 01 Nitra | Tel.: +421 37 65 28 551 | E-mail: stavex@stavexnitra.sk\" \/>\n<meta name=\"robots\" content=\"index, follow, max-snippet:-1, max-image-preview:large, max-video-preview:-1\" \/>\n<link rel=\"canonical\" href=\"https:\/\/stavexnitra.sk\/en\/contact\/\" \/>\n<meta property=\"og:locale\" content=\"en_US\" \/>\n<meta property=\"og:type\" content=\"article\" \/>\n<meta property=\"og:title\" content=\"Contact | STAVEX Nitra \u2013 prefabrikovan\u00e9 k\u00fape\u013ene\" \/>\n<meta property=\"og:description\" content=\"If you have any questions, please contact us. Address: Jakuba Ha\u0161ka 1, 949 01 Nitra | Tel.: +421 37 65 28 551 | E-mail: stavex@stavexnitra.sk\" \/>\n<meta property=\"og:url\" content=\"https:\/\/stavexnitra.sk\/en\/contact\/\" \/>\n<meta property=\"og:site_name\" content=\"STAVEX Nitra, spol. s r.o.\" \/>\n<meta property=\"article:modified_time\" content=\"2022-06-29T08:09:37+00:00\" \/>\n<meta name=\"twitter:card\" content=\"summary_large_image\" \/>\n<script type=\"application\/ld+json\" class=\"yoast-schema-graph\">{\"@context\":\"https:\/\/schema.org\",\"@graph\":[{\"@type\":\"Organization\",\"@id\":\"https:\/\/stavexnitra.sk\/#organization\",\"name\":\"STAVEX Nitra, spol. s r.o.\",\"url\":\"https:\/\/stavexnitra.sk\/\",\"sameAs\":[],\"logo\":{\"@type\":\"ImageObject\",\"inLanguage\":\"en-US\",\"@id\":\"https:\/\/stavexnitra.sk\/#\/schema\/logo\/image\/\",\"url\":\"https:\/\/stavexnitra.sk\/wp-content\/uploads\/2022\/06\/stavex-nitra-logo-dark.png\",\"contentUrl\":\"https:\/\/stavexnitra.sk\/wp-content\/uploads\/2022\/06\/stavex-nitra-logo-dark.png\",\"width\":169,\"height\":59,\"caption\":\"STAVEX Nitra, spol. s r.o.\"},\"image\":{\"@id\":\"https:\/\/stavexnitra.sk\/#\/schema\/logo\/image\/\"}},{\"@type\":\"WebSite\",\"@id\":\"https:\/\/stavexnitra.sk\/#website\",\"url\":\"https:\/\/stavexnitra.sk\/\",\"name\":\"STAVEX Nitra, spol. s r.o.\",\"description\":\"30 rokov odborn\u00edkmi v produkcii modul\u00e1rnych k\u00fape\u013en\u00ed\",\"publisher\":{\"@id\":\"https:\/\/stavexnitra.sk\/#organization\"},\"potentialAction\":[{\"@type\":\"SearchAction\",\"target\":{\"@type\":\"EntryPoint\",\"urlTemplate\":\"https:\/\/stavexnitra.sk\/?s={search_term_string}\"},\"query-input\":\"required name=search_term_string\"}],\"inLanguage\":\"en-US\"},{\"@type\":\"WebPage\",\"@id\":\"https:\/\/stavexnitra.sk\/en\/contact\/#webpage\",\"url\":\"https:\/\/stavexnitra.sk\/en\/contact\/\",\"name\":\"Contact | STAVEX Nitra \u2013 prefabrikovan\u00e9 k\u00fape\u013ene\",\"isPartOf\":{\"@id\":\"https:\/\/stavexnitra.sk\/#website\"},\"datePublished\":\"2022-05-20T04:41:04+00:00\",\"dateModified\":\"2022-06-29T08:09:37+00:00\",\"description\":\"If you have any questions, please contact us. Address: Jakuba Ha\u0161ka 1, 949 01 Nitra | Tel.: +421 37 65 28 551 | E-mail: stavex@stavexnitra.sk\",\"breadcrumb\":{\"@id\":\"https:\/\/stavexnitra.sk\/en\/contact\/#breadcrumb\"},\"inLanguage\":\"en-US\",\"potentialAction\":[{\"@type\":\"ReadAction\",\"target\":[\"https:\/\/stavexnitra.sk\/en\/contact\/\"]}]},{\"@type\":\"BreadcrumbList\",\"@id\":\"https:\/\/stavexnitra.sk\/en\/contact\/#breadcrumb\",\"itemListElement\":[{\"@type\":\"ListItem\",\"position\":1,\"name\":\"Domovsk\u00e1 str\u00e1nka\",\"item\":\"https:\/\/stavexnitra.sk\/en\/\"},{\"@type\":\"ListItem\",\"position\":2,\"name\":\"Contact\"}]}]}<\/script>\n<!-- \/ Yoast SEO plugin. -->","yoast_head_json":{"title":"Contact | STAVEX Nitra \u2013 prefabrikovan\u00e9 k\u00fape\u013ene","description":"If you have any questions, please contact us. Address: Jakuba Ha\u0161ka 1, 949 01 Nitra | Tel.: +421 37 65 28 551 | E-mail: stavex@stavexnitra.sk","robots":{"index":"index","follow":"follow","max-snippet":"max-snippet:-1","max-image-preview":"max-image-preview:large","max-video-preview":"max-video-preview:-1"},"canonical":"https:\/\/stavexnitra.sk\/en\/contact\/","og_locale":"en_US","og_type":"article","og_title":"Contact | STAVEX Nitra \u2013 prefabrikovan\u00e9 k\u00fape\u013ene","og_description":"If you have any questions, please contact us. Address: Jakuba Ha\u0161ka 1, 949 01 Nitra | Tel.: +421 37 65 28 551 | E-mail: stavex@stavexnitra.sk","og_url":"https:\/\/stavexnitra.sk\/en\/contact\/","og_site_name":"STAVEX Nitra, spol. s r.o.","article_modified_time":"2022-06-29T08:09:37+00:00","twitter_card":"summary_large_image","schema":{"@context":"https:\/\/schema.org","@graph":[{"@type":"Organization","@id":"https:\/\/stavexnitra.sk\/#organization","name":"STAVEX Nitra, spol. s r.o.","url":"https:\/\/stavexnitra.sk\/","sameAs":[],"logo":{"@type":"ImageObject","inLanguage":"en-US","@id":"https:\/\/stavexnitra.sk\/#\/schema\/logo\/image\/","url":"https:\/\/stavexnitra.sk\/wp-content\/uploads\/2022\/06\/stavex-nitra-logo-dark.png","contentUrl":"https:\/\/stavexnitra.sk\/wp-content\/uploads\/2022\/06\/stavex-nitra-logo-dark.png","width":169,"height":59,"caption":"STAVEX Nitra, spol. s r.o."},"image":{"@id":"https:\/\/stavexnitra.sk\/#\/schema\/logo\/image\/"}},{"@type":"WebSite","@id":"https:\/\/stavexnitra.sk\/#website","url":"https:\/\/stavexnitra.sk\/","name":"STAVEX Nitra, spol. s r.o.","description":"30 rokov odborn\u00edkmi v produkcii modul\u00e1rnych k\u00fape\u013en\u00ed","publisher":{"@id":"https:\/\/stavexnitra.sk\/#organization"},"potentialAction":[{"@type":"SearchAction","target":{"@type":"EntryPoint","urlTemplate":"https:\/\/stavexnitra.sk\/?s={search_term_string}"},"query-input":"required name=search_term_string"}],"inLanguage":"en-US"},{"@type":"WebPage","@id":"https:\/\/stavexnitra.sk\/en\/contact\/#webpage","url":"https:\/\/stavexnitra.sk\/en\/contact\/","name":"Contact | STAVEX Nitra \u2013 prefabrikovan\u00e9 k\u00fape\u013ene","isPartOf":{"@id":"https:\/\/stavexnitra.sk\/#website"},"datePublished":"2022-05-20T04:41:04+00:00","dateModified":"2022-06-29T08:09:37+00:00","description":"If you have any questions, please contact us. Address: Jakuba Ha\u0161ka 1, 949 01 Nitra | Tel.: +421 37 65 28 551 | E-mail: stavex@stavexnitra.sk","breadcrumb":{"@id":"https:\/\/stavexnitra.sk\/en\/contact\/#breadcrumb"},"inLanguage":"en-US","potentialAction":[{"@type":"ReadAction","target":["https:\/\/stavexnitra.sk\/en\/contact\/"]}]},{"@type":"BreadcrumbList","@id":"https:\/\/stavexnitra.sk\/en\/contact\/#breadcrumb","itemListElement":[{"@type":"ListItem","position":1,"name":"Domovsk\u00e1 str\u00e1nka","item":"https:\/\/stavexnitra.sk\/en\/"},{"@type":"ListItem","position":2,"name":"Contact"}]}]}},"_links":{"self":[{"href":"https:\/\/stavexnitra.sk\/en\/wp-json\/wp\/v2\/pages\/471"}],"collection":[{"href":"https:\/\/stavexnitra.sk\/en\/wp-json\/wp\/v2\/pages"}],"about":[{"href":"https:\/\/stavexnitra.sk\/en\/wp-json\/wp\/v2\/types\/page"}],"author":[{"embeddable":true,"href":"https:\/\/stavexnitra.sk\/en\/wp-json\/wp\/v2\/users\/1"}],"replies":[{"embeddable":true,"href":"https:\/\/stavexnitra.sk\/en\/wp-json\/wp\/v2\/comments?post=471"}],"version-history":[{"count":1,"href":"https:\/\/stavexnitra.sk\/en\/wp-json\/wp\/v2\/pages\/471\/revisions"}],"predecessor-version":[{"id":473,"href":"https:\/\/stavexnitra.sk\/en\/wp-json\/wp\/v2\/pages\/471\/revisions\/473"}],"wp:attachment":[{"href":"https:\/\/stavexnitra.sk\/en\/wp-json\/wp\/v2\/media?parent=471"}],"curies":[{"name":"wp","href":"https:\/\/api.w.org\/{rel}","templated":true}]}}