{"id":426,"date":"2022-05-20T06:41:16","date_gmt":"2022-05-20T04:41:16","guid":{"rendered":"https:\/\/stavexnitra.sk\/na-stiahnutie\/"},"modified":"2022-06-27T23:35:07","modified_gmt":"2022-06-27T21:35:07","slug":"zum-herunterladen","status":"publish","type":"page","link":"https:\/\/stavexnitra.sk\/de\/zum-herunterladen\/","title":{"rendered":"Zum Herunterladen"},"content":{"rendered":"","protected":false},"excerpt":{"rendered":"","protected":false},"author":1,"featured_media":0,"parent":0,"menu_order":0,"comment_status":"closed","ping_status":"closed","template":"","meta":[],"yoast_head":"<!-- This site is optimized with the Yoast SEO plugin v19.1 - https:\/\/yoast.com\/wordpress\/plugins\/seo\/ -->\n<title>Zum Herunterladen | STAVEX Nitra \u2013 prefabrikovan\u00e9 k\u00fape\u013ene<\/title>\n<meta name=\"description\" content=\"Die Produktion modularer B\u00e4der bietet vielf\u00e4ltige M\u00f6glichkeiten. Wir haben uns entschlossen, Ihnen zumindest einige davon in Form einer Projektdokumentation zum Download zur Verf\u00fcgung zu stellen.\" \/>\n<meta name=\"robots\" content=\"index, follow, max-snippet:-1, max-image-preview:large, max-video-preview:-1\" \/>\n<link rel=\"canonical\" href=\"https:\/\/stavexnitra.sk\/de\/zum-herunterladen\/\" \/>\n<meta property=\"og:locale\" content=\"de_DE\" \/>\n<meta property=\"og:type\" content=\"article\" \/>\n<meta property=\"og:title\" content=\"Zum Herunterladen | STAVEX Nitra \u2013 prefabrikovan\u00e9 k\u00fape\u013ene\" \/>\n<meta property=\"og:description\" content=\"Die Produktion modularer B\u00e4der bietet vielf\u00e4ltige M\u00f6glichkeiten. Wir haben uns entschlossen, Ihnen zumindest einige davon in Form einer Projektdokumentation zum Download zur Verf\u00fcgung zu stellen.\" \/>\n<meta property=\"og:url\" content=\"https:\/\/stavexnitra.sk\/de\/zum-herunterladen\/\" \/>\n<meta property=\"og:site_name\" content=\"STAVEX Nitra, spol. s r.o.\" \/>\n<meta property=\"article:modified_time\" content=\"2022-06-27T21:35:07+00:00\" \/>\n<meta name=\"twitter:card\" content=\"summary_large_image\" \/>\n<script type=\"application\/ld+json\" class=\"yoast-schema-graph\">{\"@context\":\"https:\/\/schema.org\",\"@graph\":[{\"@type\":\"Organization\",\"@id\":\"https:\/\/stavexnitra.sk\/#organization\",\"name\":\"STAVEX Nitra, spol. s r.o.\",\"url\":\"https:\/\/stavexnitra.sk\/\",\"sameAs\":[],\"logo\":{\"@type\":\"ImageObject\",\"inLanguage\":\"de-DE\",\"@id\":\"https:\/\/stavexnitra.sk\/#\/schema\/logo\/image\/\",\"url\":\"https:\/\/stavexnitra.sk\/wp-content\/uploads\/2022\/06\/stavex-nitra-logo-dark.png\",\"contentUrl\":\"https:\/\/stavexnitra.sk\/wp-content\/uploads\/2022\/06\/stavex-nitra-logo-dark.png\",\"width\":169,\"height\":59,\"caption\":\"STAVEX Nitra, spol. s r.o.\"},\"image\":{\"@id\":\"https:\/\/stavexnitra.sk\/#\/schema\/logo\/image\/\"}},{\"@type\":\"WebSite\",\"@id\":\"https:\/\/stavexnitra.sk\/#website\",\"url\":\"https:\/\/stavexnitra.sk\/\",\"name\":\"STAVEX Nitra, spol. s r.o.\",\"description\":\"30 rokov odborn\u00edkmi v produkcii modul\u00e1rnych k\u00fape\u013en\u00ed\",\"publisher\":{\"@id\":\"https:\/\/stavexnitra.sk\/#organization\"},\"potentialAction\":[{\"@type\":\"SearchAction\",\"target\":{\"@type\":\"EntryPoint\",\"urlTemplate\":\"https:\/\/stavexnitra.sk\/?s={search_term_string}\"},\"query-input\":\"required name=search_term_string\"}],\"inLanguage\":\"de-DE\"},{\"@type\":\"WebPage\",\"@id\":\"https:\/\/stavexnitra.sk\/de\/zum-herunterladen\/#webpage\",\"url\":\"https:\/\/stavexnitra.sk\/de\/zum-herunterladen\/\",\"name\":\"Zum Herunterladen | STAVEX Nitra \u2013 prefabrikovan\u00e9 k\u00fape\u013ene\",\"isPartOf\":{\"@id\":\"https:\/\/stavexnitra.sk\/#website\"},\"datePublished\":\"2022-05-20T04:41:16+00:00\",\"dateModified\":\"2022-06-27T21:35:07+00:00\",\"description\":\"Die Produktion modularer B\u00e4der bietet vielf\u00e4ltige M\u00f6glichkeiten. Wir haben uns entschlossen, Ihnen zumindest einige davon in Form einer Projektdokumentation zum Download zur Verf\u00fcgung zu stellen.\",\"breadcrumb\":{\"@id\":\"https:\/\/stavexnitra.sk\/de\/zum-herunterladen\/#breadcrumb\"},\"inLanguage\":\"de-DE\",\"potentialAction\":[{\"@type\":\"ReadAction\",\"target\":[\"https:\/\/stavexnitra.sk\/de\/zum-herunterladen\/\"]}]},{\"@type\":\"BreadcrumbList\",\"@id\":\"https:\/\/stavexnitra.sk\/de\/zum-herunterladen\/#breadcrumb\",\"itemListElement\":[{\"@type\":\"ListItem\",\"position\":1,\"name\":\"Domovsk\u00e1 str\u00e1nka\",\"item\":\"https:\/\/stavexnitra.sk\/de\/\"},{\"@type\":\"ListItem\",\"position\":2,\"name\":\"Zum Herunterladen\"}]}]}<\/script>\n<!-- \/ Yoast SEO plugin. -->","yoast_head_json":{"title":"Zum Herunterladen | STAVEX Nitra \u2013 prefabrikovan\u00e9 k\u00fape\u013ene","description":"Die Produktion modularer B\u00e4der bietet vielf\u00e4ltige M\u00f6glichkeiten. Wir haben uns entschlossen, Ihnen zumindest einige davon in Form einer Projektdokumentation zum Download zur Verf\u00fcgung zu stellen.","robots":{"index":"index","follow":"follow","max-snippet":"max-snippet:-1","max-image-preview":"max-image-preview:large","max-video-preview":"max-video-preview:-1"},"canonical":"https:\/\/stavexnitra.sk\/de\/zum-herunterladen\/","og_locale":"de_DE","og_type":"article","og_title":"Zum Herunterladen | STAVEX Nitra \u2013 prefabrikovan\u00e9 k\u00fape\u013ene","og_description":"Die Produktion modularer B\u00e4der bietet vielf\u00e4ltige M\u00f6glichkeiten. Wir haben uns entschlossen, Ihnen zumindest einige davon in Form einer Projektdokumentation zum Download zur Verf\u00fcgung zu stellen.","og_url":"https:\/\/stavexnitra.sk\/de\/zum-herunterladen\/","og_site_name":"STAVEX Nitra, spol. s r.o.","article_modified_time":"2022-06-27T21:35:07+00:00","twitter_card":"summary_large_image","schema":{"@context":"https:\/\/schema.org","@graph":[{"@type":"Organization","@id":"https:\/\/stavexnitra.sk\/#organization","name":"STAVEX Nitra, spol. s r.o.","url":"https:\/\/stavexnitra.sk\/","sameAs":[],"logo":{"@type":"ImageObject","inLanguage":"de-DE","@id":"https:\/\/stavexnitra.sk\/#\/schema\/logo\/image\/","url":"https:\/\/stavexnitra.sk\/wp-content\/uploads\/2022\/06\/stavex-nitra-logo-dark.png","contentUrl":"https:\/\/stavexnitra.sk\/wp-content\/uploads\/2022\/06\/stavex-nitra-logo-dark.png","width":169,"height":59,"caption":"STAVEX Nitra, spol. s r.o."},"image":{"@id":"https:\/\/stavexnitra.sk\/#\/schema\/logo\/image\/"}},{"@type":"WebSite","@id":"https:\/\/stavexnitra.sk\/#website","url":"https:\/\/stavexnitra.sk\/","name":"STAVEX Nitra, spol. s r.o.","description":"30 rokov odborn\u00edkmi v produkcii modul\u00e1rnych k\u00fape\u013en\u00ed","publisher":{"@id":"https:\/\/stavexnitra.sk\/#organization"},"potentialAction":[{"@type":"SearchAction","target":{"@type":"EntryPoint","urlTemplate":"https:\/\/stavexnitra.sk\/?s={search_term_string}"},"query-input":"required name=search_term_string"}],"inLanguage":"de-DE"},{"@type":"WebPage","@id":"https:\/\/stavexnitra.sk\/de\/zum-herunterladen\/#webpage","url":"https:\/\/stavexnitra.sk\/de\/zum-herunterladen\/","name":"Zum Herunterladen | STAVEX Nitra \u2013 prefabrikovan\u00e9 k\u00fape\u013ene","isPartOf":{"@id":"https:\/\/stavexnitra.sk\/#website"},"datePublished":"2022-05-20T04:41:16+00:00","dateModified":"2022-06-27T21:35:07+00:00","description":"Die Produktion modularer B\u00e4der bietet vielf\u00e4ltige M\u00f6glichkeiten. Wir haben uns entschlossen, Ihnen zumindest einige davon in Form einer Projektdokumentation zum Download zur Verf\u00fcgung zu stellen.","breadcrumb":{"@id":"https:\/\/stavexnitra.sk\/de\/zum-herunterladen\/#breadcrumb"},"inLanguage":"de-DE","potentialAction":[{"@type":"ReadAction","target":["https:\/\/stavexnitra.sk\/de\/zum-herunterladen\/"]}]},{"@type":"BreadcrumbList","@id":"https:\/\/stavexnitra.sk\/de\/zum-herunterladen\/#breadcrumb","itemListElement":[{"@type":"ListItem","position":1,"name":"Domovsk\u00e1 str\u00e1nka","item":"https:\/\/stavexnitra.sk\/de\/"},{"@type":"ListItem","position":2,"name":"Zum Herunterladen"}]}]}},"_links":{"self":[{"href":"https:\/\/stavexnitra.sk\/de\/wp-json\/wp\/v2\/pages\/426"}],"collection":[{"href":"https:\/\/stavexnitra.sk\/de\/wp-json\/wp\/v2\/pages"}],"about":[{"href":"https:\/\/stavexnitra.sk\/de\/wp-json\/wp\/v2\/types\/page"}],"author":[{"embeddable":true,"href":"https:\/\/stavexnitra.sk\/de\/wp-json\/wp\/v2\/users\/1"}],"replies":[{"embeddable":true,"href":"https:\/\/stavexnitra.sk\/de\/wp-json\/wp\/v2\/comments?post=426"}],"version-history":[{"count":1,"href":"https:\/\/stavexnitra.sk\/de\/wp-json\/wp\/v2\/pages\/426\/revisions"}],"predecessor-version":[{"id":428,"href":"https:\/\/stavexnitra.sk\/de\/wp-json\/wp\/v2\/pages\/426\/revisions\/428"}],"wp:attachment":[{"href":"https:\/\/stavexnitra.sk\/de\/wp-json\/wp\/v2\/media?parent=426"}],"curies":[{"name":"wp","href":"https:\/\/api.w.org\/{rel}","templated":true}]}}