{"id":416,"date":"2022-05-20T06:42:29","date_gmt":"2022-05-20T04:42:29","guid":{"rendered":"https:\/\/stavexnitra.sk\/modularne-kupelne\/"},"modified":"2022-11-24T18:56:22","modified_gmt":"2022-11-24T17:56:22","slug":"modulare-badezimmer-backup-24-11-2022","status":"publish","type":"page","link":"https:\/\/stavexnitra.sk\/de\/modulare-badezimmer-backup-24-11-2022\/","title":{"rendered":"Modulare Badezimmer &#8211; BACKUP 24.11.2022"},"content":{"rendered":"","protected":false},"excerpt":{"rendered":"","protected":false},"author":1,"featured_media":0,"parent":0,"menu_order":0,"comment_status":"closed","ping_status":"closed","template":"","meta":[],"yoast_head":"<!-- This site is optimized with the Yoast SEO plugin v19.1 - https:\/\/yoast.com\/wordpress\/plugins\/seo\/ -->\n<title>Modulare Badezimmer - BACKUP 24.11.2022 | STAVEX Nitra \u2013 prefabrikovan\u00e9 k\u00fape\u013ene<\/title>\n<meta name=\"description\" content=\"Die von unserer Firma hergestellten modularen Badezimmer sind vorgefertigte Produkte von h\u00f6chster Qualit\u00e4t.\" \/>\n<meta name=\"robots\" content=\"index, follow, max-snippet:-1, max-image-preview:large, max-video-preview:-1\" \/>\n<link rel=\"canonical\" href=\"https:\/\/stavexnitra.sk\/de\/modulare-badezimmer-backup-24-11-2022\/\" \/>\n<meta property=\"og:locale\" content=\"de_DE\" \/>\n<meta property=\"og:type\" content=\"article\" \/>\n<meta property=\"og:title\" content=\"Modulare Badezimmer - BACKUP 24.11.2022 | STAVEX Nitra \u2013 prefabrikovan\u00e9 k\u00fape\u013ene\" \/>\n<meta property=\"og:description\" content=\"Die von unserer Firma hergestellten modularen Badezimmer sind vorgefertigte Produkte von h\u00f6chster Qualit\u00e4t.\" \/>\n<meta property=\"og:url\" content=\"https:\/\/stavexnitra.sk\/de\/modulare-badezimmer-backup-24-11-2022\/\" \/>\n<meta property=\"og:site_name\" content=\"STAVEX Nitra, spol. s r.o.\" \/>\n<meta property=\"article:modified_time\" content=\"2022-11-24T17:56:22+00:00\" \/>\n<meta name=\"twitter:card\" content=\"summary_large_image\" \/>\n<script type=\"application\/ld+json\" class=\"yoast-schema-graph\">{\"@context\":\"https:\/\/schema.org\",\"@graph\":[{\"@type\":\"Organization\",\"@id\":\"https:\/\/stavexnitra.sk\/#organization\",\"name\":\"STAVEX Nitra, spol. s r.o.\",\"url\":\"https:\/\/stavexnitra.sk\/\",\"sameAs\":[],\"logo\":{\"@type\":\"ImageObject\",\"inLanguage\":\"de-DE\",\"@id\":\"https:\/\/stavexnitra.sk\/#\/schema\/logo\/image\/\",\"url\":\"https:\/\/stavexnitra.sk\/wp-content\/uploads\/2022\/06\/stavex-nitra-logo-dark.png\",\"contentUrl\":\"https:\/\/stavexnitra.sk\/wp-content\/uploads\/2022\/06\/stavex-nitra-logo-dark.png\",\"width\":169,\"height\":59,\"caption\":\"STAVEX Nitra, spol. s r.o.\"},\"image\":{\"@id\":\"https:\/\/stavexnitra.sk\/#\/schema\/logo\/image\/\"}},{\"@type\":\"WebSite\",\"@id\":\"https:\/\/stavexnitra.sk\/#website\",\"url\":\"https:\/\/stavexnitra.sk\/\",\"name\":\"STAVEX Nitra, spol. s r.o.\",\"description\":\"30 rokov odborn\u00edkmi v produkcii modul\u00e1rnych k\u00fape\u013en\u00ed\",\"publisher\":{\"@id\":\"https:\/\/stavexnitra.sk\/#organization\"},\"potentialAction\":[{\"@type\":\"SearchAction\",\"target\":{\"@type\":\"EntryPoint\",\"urlTemplate\":\"https:\/\/stavexnitra.sk\/?s={search_term_string}\"},\"query-input\":\"required name=search_term_string\"}],\"inLanguage\":\"de-DE\"},{\"@type\":\"WebPage\",\"@id\":\"https:\/\/stavexnitra.sk\/de\/modulare-badezimmer-backup-24-11-2022\/#webpage\",\"url\":\"https:\/\/stavexnitra.sk\/de\/modulare-badezimmer-backup-24-11-2022\/\",\"name\":\"Modulare Badezimmer - BACKUP 24.11.2022 | STAVEX Nitra \u2013 prefabrikovan\u00e9 k\u00fape\u013ene\",\"isPartOf\":{\"@id\":\"https:\/\/stavexnitra.sk\/#website\"},\"datePublished\":\"2022-05-20T04:42:29+00:00\",\"dateModified\":\"2022-11-24T17:56:22+00:00\",\"description\":\"Die von unserer Firma hergestellten modularen Badezimmer sind vorgefertigte Produkte von h\u00f6chster Qualit\u00e4t.\",\"breadcrumb\":{\"@id\":\"https:\/\/stavexnitra.sk\/de\/modulare-badezimmer-backup-24-11-2022\/#breadcrumb\"},\"inLanguage\":\"de-DE\",\"potentialAction\":[{\"@type\":\"ReadAction\",\"target\":[\"https:\/\/stavexnitra.sk\/de\/modulare-badezimmer-backup-24-11-2022\/\"]}]},{\"@type\":\"BreadcrumbList\",\"@id\":\"https:\/\/stavexnitra.sk\/de\/modulare-badezimmer-backup-24-11-2022\/#breadcrumb\",\"itemListElement\":[{\"@type\":\"ListItem\",\"position\":1,\"name\":\"Domovsk\u00e1 str\u00e1nka\",\"item\":\"https:\/\/stavexnitra.sk\/de\/\"},{\"@type\":\"ListItem\",\"position\":2,\"name\":\"Modulare Badezimmer &#8211; BACKUP 24.11.2022\"}]}]}<\/script>\n<!-- \/ Yoast SEO plugin. -->","yoast_head_json":{"title":"Modulare Badezimmer - BACKUP 24.11.2022 | STAVEX Nitra \u2013 prefabrikovan\u00e9 k\u00fape\u013ene","description":"Die von unserer Firma hergestellten modularen Badezimmer sind vorgefertigte Produkte von h\u00f6chster Qualit\u00e4t.","robots":{"index":"index","follow":"follow","max-snippet":"max-snippet:-1","max-image-preview":"max-image-preview:large","max-video-preview":"max-video-preview:-1"},"canonical":"https:\/\/stavexnitra.sk\/de\/modulare-badezimmer-backup-24-11-2022\/","og_locale":"de_DE","og_type":"article","og_title":"Modulare Badezimmer - BACKUP 24.11.2022 | STAVEX Nitra \u2013 prefabrikovan\u00e9 k\u00fape\u013ene","og_description":"Die von unserer Firma hergestellten modularen Badezimmer sind vorgefertigte Produkte von h\u00f6chster Qualit\u00e4t.","og_url":"https:\/\/stavexnitra.sk\/de\/modulare-badezimmer-backup-24-11-2022\/","og_site_name":"STAVEX Nitra, spol. s r.o.","article_modified_time":"2022-11-24T17:56:22+00:00","twitter_card":"summary_large_image","schema":{"@context":"https:\/\/schema.org","@graph":[{"@type":"Organization","@id":"https:\/\/stavexnitra.sk\/#organization","name":"STAVEX Nitra, spol. s r.o.","url":"https:\/\/stavexnitra.sk\/","sameAs":[],"logo":{"@type":"ImageObject","inLanguage":"de-DE","@id":"https:\/\/stavexnitra.sk\/#\/schema\/logo\/image\/","url":"https:\/\/stavexnitra.sk\/wp-content\/uploads\/2022\/06\/stavex-nitra-logo-dark.png","contentUrl":"https:\/\/stavexnitra.sk\/wp-content\/uploads\/2022\/06\/stavex-nitra-logo-dark.png","width":169,"height":59,"caption":"STAVEX Nitra, spol. s r.o."},"image":{"@id":"https:\/\/stavexnitra.sk\/#\/schema\/logo\/image\/"}},{"@type":"WebSite","@id":"https:\/\/stavexnitra.sk\/#website","url":"https:\/\/stavexnitra.sk\/","name":"STAVEX Nitra, spol. s r.o.","description":"30 rokov odborn\u00edkmi v produkcii modul\u00e1rnych k\u00fape\u013en\u00ed","publisher":{"@id":"https:\/\/stavexnitra.sk\/#organization"},"potentialAction":[{"@type":"SearchAction","target":{"@type":"EntryPoint","urlTemplate":"https:\/\/stavexnitra.sk\/?s={search_term_string}"},"query-input":"required name=search_term_string"}],"inLanguage":"de-DE"},{"@type":"WebPage","@id":"https:\/\/stavexnitra.sk\/de\/modulare-badezimmer-backup-24-11-2022\/#webpage","url":"https:\/\/stavexnitra.sk\/de\/modulare-badezimmer-backup-24-11-2022\/","name":"Modulare Badezimmer - BACKUP 24.11.2022 | STAVEX Nitra \u2013 prefabrikovan\u00e9 k\u00fape\u013ene","isPartOf":{"@id":"https:\/\/stavexnitra.sk\/#website"},"datePublished":"2022-05-20T04:42:29+00:00","dateModified":"2022-11-24T17:56:22+00:00","description":"Die von unserer Firma hergestellten modularen Badezimmer sind vorgefertigte Produkte von h\u00f6chster Qualit\u00e4t.","breadcrumb":{"@id":"https:\/\/stavexnitra.sk\/de\/modulare-badezimmer-backup-24-11-2022\/#breadcrumb"},"inLanguage":"de-DE","potentialAction":[{"@type":"ReadAction","target":["https:\/\/stavexnitra.sk\/de\/modulare-badezimmer-backup-24-11-2022\/"]}]},{"@type":"BreadcrumbList","@id":"https:\/\/stavexnitra.sk\/de\/modulare-badezimmer-backup-24-11-2022\/#breadcrumb","itemListElement":[{"@type":"ListItem","position":1,"name":"Domovsk\u00e1 str\u00e1nka","item":"https:\/\/stavexnitra.sk\/de\/"},{"@type":"ListItem","position":2,"name":"Modulare Badezimmer &#8211; BACKUP 24.11.2022"}]}]}},"_links":{"self":[{"href":"https:\/\/stavexnitra.sk\/de\/wp-json\/wp\/v2\/pages\/416"}],"collection":[{"href":"https:\/\/stavexnitra.sk\/de\/wp-json\/wp\/v2\/pages"}],"about":[{"href":"https:\/\/stavexnitra.sk\/de\/wp-json\/wp\/v2\/types\/page"}],"author":[{"embeddable":true,"href":"https:\/\/stavexnitra.sk\/de\/wp-json\/wp\/v2\/users\/1"}],"replies":[{"embeddable":true,"href":"https:\/\/stavexnitra.sk\/de\/wp-json\/wp\/v2\/comments?post=416"}],"version-history":[{"count":3,"href":"https:\/\/stavexnitra.sk\/de\/wp-json\/wp\/v2\/pages\/416\/revisions"}],"predecessor-version":[{"id":646,"href":"https:\/\/stavexnitra.sk\/de\/wp-json\/wp\/v2\/pages\/416\/revisions\/646"}],"wp:attachment":[{"href":"https:\/\/stavexnitra.sk\/de\/wp-json\/wp\/v2\/media?parent=416"}],"curies":[{"name":"wp","href":"https:\/\/api.w.org\/{rel}","templated":true}]}}